{"id":62,"date":"2018-12-06T12:05:28","date_gmt":"2018-12-06T11:05:28","guid":{"rendered":"http:\/\/kinder.shifttec.de\/?page_id=62"},"modified":"2024-07-15T19:37:08","modified_gmt":"2024-07-15T17:37:08","slug":"kontakt","status":"publish","type":"page","link":"https:\/\/kinderkrebshilfe-schlitz.de\/index.php\/kontakt\/","title":{"rendered":"Kontakt"},"content":{"rendered":"<p><strong>Kinderkrebshilfe Schlitz e.V.<br \/><\/strong>Heidgraben 35<br \/>36110 Schlitz<\/p>\n<p><span style=\"display: inline !important; float: none; background-color: #ffffff; color: #191e23; font-family: 'Noto Serif'; font-size: inherit; font-style: normal; font-variant: normal; font-weight: 400; letter-spacing: normal; line-height: 1.8; orphans: 2; text-align: left; text-decoration: none; text-indent: 0px; text-transform: none; -webkit-text-stroke-width: 0px; white-space: pre-wrap; word-spacing: 0px;\">+49 6642 6256<\/span><br data-rich-text-line-break=\"true\"><span style=\"display: inline !important; float: none; background-color: #ffffff; color: #191e23; font-family: 'Noto Serif'; font-size: inherit; font-style: normal; font-variant: normal; font-weight: 400; letter-spacing: normal; line-height: 1.8; orphans: 2; text-align: left; text-decoration: none; text-indent: 0px; text-transform: none; -webkit-text-stroke-width: 0px; white-space: pre-wrap; word-spacing: 0px;\">info@kinderkrebshilfe-schlitz.de<\/span><\/p>\n<\/p>\n\n\n<p class=\"has-very-light-gray-background-color has-background\">Sie m\u00f6chten mehr \u00fcber unseren Verein und unser Engagement erfahren? Sprechen Sie uns pers\u00f6nlich an oder kontaktieren Sie uns \u00fcber unsere E-Mail Adresse.<\/p>\n\n\n\n<p><strong>Vorstand der Kinderkrebshilfe Schlitz e.V. <\/strong><br><strong>(Stand: M\u00e4rz 2024)<\/strong><\/p>\n\n\n\n<p><strong><br><\/strong><img loading=\"lazy\" decoding=\"async\" width=\"150\" height=\"188\" class=\"wp-image-130\" style=\"width: 150px;\" alt=\"\" src=\"http:\/\/kinder.shifttec.de\/wp-content\/uploads\/2020\/02\/Seitenbild_Vorstandsseite_Dieter.jpg\" srcset=\"https:\/\/kinderkrebshilfe-schlitz.de\/wp-content\/uploads\/2020\/02\/Seitenbild_Vorstandsseite_Dieter.jpg 800w, https:\/\/kinderkrebshilfe-schlitz.de\/wp-content\/uploads\/2020\/02\/Seitenbild_Vorstandsseite_Dieter-240x300.jpg 240w, https:\/\/kinderkrebshilfe-schlitz.de\/wp-content\/uploads\/2020\/02\/Seitenbild_Vorstandsseite_Dieter-768x960.jpg 768w, https:\/\/kinderkrebshilfe-schlitz.de\/wp-content\/uploads\/2020\/02\/Seitenbild_Vorstandsseite_Dieter-216x270.jpg 216w\" sizes=\"auto, (max-width: 150px) 100vw, 150px\" \/><br><strong>Vorsitzender<br><\/strong>Dieter H\u00e4mmelmann, 36110 Schlitz<\/p>\n\n\n\n<p><em>Bild folgt<\/em><br><strong>Stellv. Vorsitzender<br><\/strong>Volker B\u00e4uml, 36110 Schlitz\/Unter-Wegfurth<\/p>\n\n\n\n<p><\/p>\n\n\n\n<p><em>Bild folgt<\/em><br><strong>Kassiererin<\/strong><br>Diana Habermehl, 36341 Lauterbach\/Maar<\/p>\n\n\n\n<p><br><img loading=\"lazy\" decoding=\"async\" width=\"150\" height=\"188\" class=\"wp-image-133\" style=\"width: 150px;\" src=\"http:\/\/kinder.shifttec.de\/wp-content\/uploads\/2020\/02\/Seitenbild_Vorstandsseite_Christian.jpg\" alt=\"\" srcset=\"https:\/\/kinderkrebshilfe-schlitz.de\/wp-content\/uploads\/2020\/02\/Seitenbild_Vorstandsseite_Christian.jpg 800w, https:\/\/kinderkrebshilfe-schlitz.de\/wp-content\/uploads\/2020\/02\/Seitenbild_Vorstandsseite_Christian-240x300.jpg 240w, https:\/\/kinderkrebshilfe-schlitz.de\/wp-content\/uploads\/2020\/02\/Seitenbild_Vorstandsseite_Christian-768x960.jpg 768w, https:\/\/kinderkrebshilfe-schlitz.de\/wp-content\/uploads\/2020\/02\/Seitenbild_Vorstandsseite_Christian-216x270.jpg 216w\" sizes=\"auto, (max-width: 150px) 100vw, 150px\" \/><br><strong>S<\/strong><b>chriftf\u00fchrer<br><\/b>Christian Janicki, 36110 Schlitz<\/p>\n\n\n\n<p><img loading=\"lazy\" decoding=\"async\" width=\"150\" height=\"188\" class=\"wp-image-136\" style=\"width: 150px;\" alt=\"\" src=\"http:\/\/kinder.shifttec.de\/wp-content\/uploads\/2020\/02\/Seitenbild_Vorstandsseite_Harald.jpg\" srcset=\"https:\/\/kinderkrebshilfe-schlitz.de\/wp-content\/uploads\/2020\/02\/Seitenbild_Vorstandsseite_Harald.jpg 800w, https:\/\/kinderkrebshilfe-schlitz.de\/wp-content\/uploads\/2020\/02\/Seitenbild_Vorstandsseite_Harald-240x300.jpg 240w, https:\/\/kinderkrebshilfe-schlitz.de\/wp-content\/uploads\/2020\/02\/Seitenbild_Vorstandsseite_Harald-768x960.jpg 768w, https:\/\/kinderkrebshilfe-schlitz.de\/wp-content\/uploads\/2020\/02\/Seitenbild_Vorstandsseite_Harald-216x270.jpg 216w\" sizes=\"auto, (max-width: 150px) 100vw, 150px\" \/><br><strong>Beisitzer<\/strong><br>Harald Berthold, 36323 Grebenau<\/p>\n","protected":false},"excerpt":{"rendered":"<p>Kinderkrebshilfe Schlitz e.V.Heidgraben 3536110 Schlitz +49 6642 6256info@kinderkrebshilfe-schlitz.de Sie m\u00f6chten mehr \u00fcber unseren Verein und unser Engagement erfahren? Sprechen Sie uns pers\u00f6nlich an oder kontaktieren Sie uns \u00fcber unsere E-Mail Adresse. Vorstand der Kinderkrebshilfe Schlitz e.V. (Stand: M\u00e4rz 2024) VorsitzenderDieter H\u00e4mmelmann, 36110 Schlitz Bild folgtStellv. VorsitzenderVolker B\u00e4uml, 36110 Schlitz\/Unter-Wegfurth Bild folgtKassiererinDiana Habermehl, 36341 Lauterbach\/Maar Schriftf\u00fchrerChristian Janicki, 36110 Schlitz BeisitzerHarald Berthold, 36323 Grebenau<\/p>\n","protected":false},"author":1,"featured_media":0,"parent":0,"menu_order":1,"comment_status":"closed","ping_status":"closed","template":"","meta":{"footnotes":""},"class_list":["post-62","page","type-page","status-publish","hentry"],"_links":{"self":[{"href":"https:\/\/kinderkrebshilfe-schlitz.de\/index.php\/wp-json\/wp\/v2\/pages\/62","targetHints":{"allow":["GET"]}}],"collection":[{"href":"https:\/\/kinderkrebshilfe-schlitz.de\/index.php\/wp-json\/wp\/v2\/pages"}],"about":[{"href":"https:\/\/kinderkrebshilfe-schlitz.de\/index.php\/wp-json\/wp\/v2\/types\/page"}],"author":[{"embeddable":true,"href":"https:\/\/kinderkrebshilfe-schlitz.de\/index.php\/wp-json\/wp\/v2\/users\/1"}],"replies":[{"embeddable":true,"href":"https:\/\/kinderkrebshilfe-schlitz.de\/index.php\/wp-json\/wp\/v2\/comments?post=62"}],"version-history":[{"count":21,"href":"https:\/\/kinderkrebshilfe-schlitz.de\/index.php\/wp-json\/wp\/v2\/pages\/62\/revisions"}],"predecessor-version":[{"id":1259,"href":"https:\/\/kinderkrebshilfe-schlitz.de\/index.php\/wp-json\/wp\/v2\/pages\/62\/revisions\/1259"}],"wp:attachment":[{"href":"https:\/\/kinderkrebshilfe-schlitz.de\/index.php\/wp-json\/wp\/v2\/media?parent=62"}],"curies":[{"name":"wp","href":"https:\/\/api.w.org\/{rel}","templated":true}]}}