{"id":67,"date":"2018-12-06T12:13:13","date_gmt":"2018-12-06T11:13:13","guid":{"rendered":"http:\/\/kinder.shifttec.de\/?page_id=67"},"modified":"2023-07-16T20:04:17","modified_gmt":"2023-07-16T18:04:17","slug":"ueber-uns","status":"publish","type":"page","link":"https:\/\/kinderkrebshilfe-schlitz.de\/index.php\/ueber-uns\/","title":{"rendered":"\u00dcber uns"},"content":{"rendered":"<p>Der Kampf gegen den Krebs braucht auch nach vielen Jahren der Spendenbereitschaft weiterhin gro\u00dfes Engagement, denn die staatliche Finanzierung allein reicht hier immer noch nicht aus.<\/p>\n<p>Seit nun mehr als 35 Jahren sammelt die Kinderkrebshilfe Schlitz e.V. besonders f\u00fcr Kinder, die an dieser furchtbaren Krankheit leiden.<\/p>\n<p>Wir sind ein lokaler Verein, der \u00fcber diesen langen Zeitraum die Arbeit von Kinderkrebshilfekliniken im regionalen Raum, sowie Initiativen und Projekte der Kinderkrebshilfe unterst\u00fctzt. So gehen die vor Ort gesammelten Spendenbeitr\u00e4ge z.B. an Forschungsprojekte, Elternvereine und in den letzten Jahren vermehrt an die \u201eTour der Hoffnung\u201c, bei der viele Prominente, \u00c4rzte und Sportler f\u00fcr die gute Sache einmal im Jahr in die Pedale treten und sammeln.<\/p>\n<p>Alle Spenden kommen zu 100 % den ausgew\u00e4hlten Projekten zugute und werden f\u00fcr die Krebsforschung, f\u00fcr neue Behandlungskonzepte und f\u00fcr die pflegerische und psychosoziale Betreuung krebskranker Kinder verwendet.<b><\/b><\/p>\n\n\n<h3 class=\"wp-block-heading has-text-align-center has-vivid-cyan-blue-color has-text-color\">Helfen Sie auf dem Weg <br>in eine bessere Zukunft!<\/h3>\n\n\n\n<hr class=\"wp-block-separator has-css-opacity is-style-default\"\/>\n\n\n\n<div class=\"wp-block-button aligncenter\"><a class=\"wp-block-button__link has-cyan-bluish-gray-background-color has-background wp-element-button\" href=\"http:\/\/kinder.shifttec.de\/wp-content\/uploads\/2020\/02\/Flyer-KKH_2019.pdf\">Flyer der Kinderkrebshilfe Schlitz e.V<\/a><\/div>\n\n\n\n<hr class=\"wp-block-separator has-css-opacity is-style-default\"\/>\n\n\n\n<figure class=\"wp-block-gallery has-nested-images columns-4 is-cropped wp-block-gallery-1 is-layout-flex wp-block-gallery-is-layout-flex\">\n<figure class=\"wp-block-image size-large\"><img loading=\"lazy\" decoding=\"async\" width=\"1024\" height=\"556\" data-id=\"1087\" src=\"https:\/\/kinderkrebshilfe-schlitz.de\/wp-content\/uploads\/2023\/02\/E90711CF-43BF-43BB-A8D0-1A73F3EB64DC-1024x556.jpeg\" alt=\"\" class=\"wp-image-1087\" srcset=\"https:\/\/kinderkrebshilfe-schlitz.de\/wp-content\/uploads\/2023\/02\/E90711CF-43BF-43BB-A8D0-1A73F3EB64DC-1024x556.jpeg 1024w, https:\/\/kinderkrebshilfe-schlitz.de\/wp-content\/uploads\/2023\/02\/E90711CF-43BF-43BB-A8D0-1A73F3EB64DC-300x163.jpeg 300w, https:\/\/kinderkrebshilfe-schlitz.de\/wp-content\/uploads\/2023\/02\/E90711CF-43BF-43BB-A8D0-1A73F3EB64DC-768x417.jpeg 768w, https:\/\/kinderkrebshilfe-schlitz.de\/wp-content\/uploads\/2023\/02\/E90711CF-43BF-43BB-A8D0-1A73F3EB64DC-1536x834.jpeg 1536w, https:\/\/kinderkrebshilfe-schlitz.de\/wp-content\/uploads\/2023\/02\/E90711CF-43BF-43BB-A8D0-1A73F3EB64DC-2048x1112.jpeg 2048w, https:\/\/kinderkrebshilfe-schlitz.de\/wp-content\/uploads\/2023\/02\/E90711CF-43BF-43BB-A8D0-1A73F3EB64DC-497x270.jpeg 497w\" sizes=\"auto, (max-width: 1024px) 100vw, 1024px\" \/><\/figure>\n\n\n\n<figure class=\"wp-block-image size-large\"><img loading=\"lazy\" decoding=\"async\" width=\"768\" height=\"1024\" data-id=\"1085\" src=\"https:\/\/kinderkrebshilfe-schlitz.de\/wp-content\/uploads\/2023\/02\/BF08209B-E099-4666-8C16-7641F6597ECF-768x1024.jpeg\" alt=\"\" class=\"wp-image-1085\" srcset=\"https:\/\/kinderkrebshilfe-schlitz.de\/wp-content\/uploads\/2023\/02\/BF08209B-E099-4666-8C16-7641F6597ECF-768x1024.jpeg 768w, https:\/\/kinderkrebshilfe-schlitz.de\/wp-content\/uploads\/2023\/02\/BF08209B-E099-4666-8C16-7641F6597ECF-225x300.jpeg 225w, https:\/\/kinderkrebshilfe-schlitz.de\/wp-content\/uploads\/2023\/02\/BF08209B-E099-4666-8C16-7641F6597ECF-1152x1536.jpeg 1152w, https:\/\/kinderkrebshilfe-schlitz.de\/wp-content\/uploads\/2023\/02\/BF08209B-E099-4666-8C16-7641F6597ECF-203x270.jpeg 203w, https:\/\/kinderkrebshilfe-schlitz.de\/wp-content\/uploads\/2023\/02\/BF08209B-E099-4666-8C16-7641F6597ECF.jpeg 1536w\" sizes=\"auto, (max-width: 768px) 100vw, 768px\" \/><\/figure>\n\n\n\n<figure class=\"wp-block-image size-large\"><img loading=\"lazy\" decoding=\"async\" width=\"1024\" height=\"768\" data-id=\"1086\" src=\"https:\/\/kinderkrebshilfe-schlitz.de\/wp-content\/uploads\/2023\/02\/D87692B4-C5E2-44D8-814F-370D10AB3F32.jpeg\" alt=\"\" class=\"wp-image-1086\" srcset=\"https:\/\/kinderkrebshilfe-schlitz.de\/wp-content\/uploads\/2023\/02\/D87692B4-C5E2-44D8-814F-370D10AB3F32.jpeg 1024w, https:\/\/kinderkrebshilfe-schlitz.de\/wp-content\/uploads\/2023\/02\/D87692B4-C5E2-44D8-814F-370D10AB3F32-300x225.jpeg 300w, https:\/\/kinderkrebshilfe-schlitz.de\/wp-content\/uploads\/2023\/02\/D87692B4-C5E2-44D8-814F-370D10AB3F32-768x576.jpeg 768w, https:\/\/kinderkrebshilfe-schlitz.de\/wp-content\/uploads\/2023\/02\/D87692B4-C5E2-44D8-814F-370D10AB3F32-360x270.jpeg 360w\" sizes=\"auto, (max-width: 1024px) 100vw, 1024px\" \/><\/figure>\n\n\n\n<figure class=\"wp-block-image size-large\"><img loading=\"lazy\" decoding=\"async\" width=\"1024\" height=\"856\" data-id=\"1084\" src=\"https:\/\/kinderkrebshilfe-schlitz.de\/wp-content\/uploads\/2023\/02\/CD5E6B03-78AE-489D-AC4D-7C30397F4A1D-1024x856.jpeg\" alt=\"\" class=\"wp-image-1084\" srcset=\"https:\/\/kinderkrebshilfe-schlitz.de\/wp-content\/uploads\/2023\/02\/CD5E6B03-78AE-489D-AC4D-7C30397F4A1D-1024x856.jpeg 1024w, https:\/\/kinderkrebshilfe-schlitz.de\/wp-content\/uploads\/2023\/02\/CD5E6B03-78AE-489D-AC4D-7C30397F4A1D-300x251.jpeg 300w, https:\/\/kinderkrebshilfe-schlitz.de\/wp-content\/uploads\/2023\/02\/CD5E6B03-78AE-489D-AC4D-7C30397F4A1D-768x642.jpeg 768w, https:\/\/kinderkrebshilfe-schlitz.de\/wp-content\/uploads\/2023\/02\/CD5E6B03-78AE-489D-AC4D-7C30397F4A1D-1536x1284.jpeg 1536w, https:\/\/kinderkrebshilfe-schlitz.de\/wp-content\/uploads\/2023\/02\/CD5E6B03-78AE-489D-AC4D-7C30397F4A1D-323x270.jpeg 323w, https:\/\/kinderkrebshilfe-schlitz.de\/wp-content\/uploads\/2023\/02\/CD5E6B03-78AE-489D-AC4D-7C30397F4A1D.jpeg 1938w\" sizes=\"auto, (max-width: 1024px) 100vw, 1024px\" \/><\/figure>\n\n\n\n<figure class=\"wp-block-image size-large\"><img loading=\"lazy\" decoding=\"async\" width=\"1024\" height=\"576\" data-id=\"299\" src=\"https:\/\/kinderkrebshilfe-schlitz.de\/wp-content\/uploads\/2020\/02\/C6644A4B-5D62-477A-A1F5-EE05A32440E1-1024x576.jpeg\" alt=\"\" class=\"wp-image-299\" srcset=\"https:\/\/kinderkrebshilfe-schlitz.de\/wp-content\/uploads\/2020\/02\/C6644A4B-5D62-477A-A1F5-EE05A32440E1-1024x576.jpeg 1024w, https:\/\/kinderkrebshilfe-schlitz.de\/wp-content\/uploads\/2020\/02\/C6644A4B-5D62-477A-A1F5-EE05A32440E1-300x169.jpeg 300w, https:\/\/kinderkrebshilfe-schlitz.de\/wp-content\/uploads\/2020\/02\/C6644A4B-5D62-477A-A1F5-EE05A32440E1-768x432.jpeg 768w, https:\/\/kinderkrebshilfe-schlitz.de\/wp-content\/uploads\/2020\/02\/C6644A4B-5D62-477A-A1F5-EE05A32440E1-1536x864.jpeg 1536w, https:\/\/kinderkrebshilfe-schlitz.de\/wp-content\/uploads\/2020\/02\/C6644A4B-5D62-477A-A1F5-EE05A32440E1-480x270.jpeg 480w, https:\/\/kinderkrebshilfe-schlitz.de\/wp-content\/uploads\/2020\/02\/C6644A4B-5D62-477A-A1F5-EE05A32440E1.jpeg 1600w\" sizes=\"auto, (max-width: 1024px) 100vw, 1024px\" \/><\/figure>\n\n\n\n<figure class=\"wp-block-image size-large\"><img loading=\"lazy\" decoding=\"async\" width=\"1024\" height=\"620\" data-id=\"216\" src=\"https:\/\/kinderkrebshilfe-schlitz.de\/wp-content\/uploads\/2020\/02\/38BE98B4-677A-4A92-86BB-6FD7E042636A-1024x620.jpeg\" alt=\"\" class=\"wp-image-216\" srcset=\"https:\/\/kinderkrebshilfe-schlitz.de\/wp-content\/uploads\/2020\/02\/38BE98B4-677A-4A92-86BB-6FD7E042636A-1024x620.jpeg 1024w, https:\/\/kinderkrebshilfe-schlitz.de\/wp-content\/uploads\/2020\/02\/38BE98B4-677A-4A92-86BB-6FD7E042636A-300x182.jpeg 300w, https:\/\/kinderkrebshilfe-schlitz.de\/wp-content\/uploads\/2020\/02\/38BE98B4-677A-4A92-86BB-6FD7E042636A-768x465.jpeg 768w, https:\/\/kinderkrebshilfe-schlitz.de\/wp-content\/uploads\/2020\/02\/38BE98B4-677A-4A92-86BB-6FD7E042636A-1536x930.jpeg 1536w, https:\/\/kinderkrebshilfe-schlitz.de\/wp-content\/uploads\/2020\/02\/38BE98B4-677A-4A92-86BB-6FD7E042636A-2048x1240.jpeg 2048w, https:\/\/kinderkrebshilfe-schlitz.de\/wp-content\/uploads\/2020\/02\/38BE98B4-677A-4A92-86BB-6FD7E042636A-446x270.jpeg 446w\" sizes=\"auto, (max-width: 1024px) 100vw, 1024px\" \/><\/figure>\n\n\n\n<figure class=\"wp-block-image size-large\"><img loading=\"lazy\" decoding=\"async\" width=\"1024\" height=\"576\" data-id=\"214\" src=\"https:\/\/kinderkrebshilfe-schlitz.de\/wp-content\/uploads\/2020\/02\/E746EC12-D097-4386-9905-8D876239DE1B-1024x576.jpeg\" alt=\"\" class=\"wp-image-214\" srcset=\"https:\/\/kinderkrebshilfe-schlitz.de\/wp-content\/uploads\/2020\/02\/E746EC12-D097-4386-9905-8D876239DE1B-1024x576.jpeg 1024w, https:\/\/kinderkrebshilfe-schlitz.de\/wp-content\/uploads\/2020\/02\/E746EC12-D097-4386-9905-8D876239DE1B-300x169.jpeg 300w, https:\/\/kinderkrebshilfe-schlitz.de\/wp-content\/uploads\/2020\/02\/E746EC12-D097-4386-9905-8D876239DE1B-768x432.jpeg 768w, https:\/\/kinderkrebshilfe-schlitz.de\/wp-content\/uploads\/2020\/02\/E746EC12-D097-4386-9905-8D876239DE1B-1536x864.jpeg 1536w, https:\/\/kinderkrebshilfe-schlitz.de\/wp-content\/uploads\/2020\/02\/E746EC12-D097-4386-9905-8D876239DE1B-480x270.jpeg 480w, https:\/\/kinderkrebshilfe-schlitz.de\/wp-content\/uploads\/2020\/02\/E746EC12-D097-4386-9905-8D876239DE1B.jpeg 1600w\" sizes=\"auto, (max-width: 1024px) 100vw, 1024px\" \/><\/figure>\n\n\n\n<figure class=\"wp-block-image size-large\"><img loading=\"lazy\" decoding=\"async\" width=\"1024\" height=\"554\" data-id=\"221\" src=\"https:\/\/kinderkrebshilfe-schlitz.de\/wp-content\/uploads\/2020\/02\/3AD4A614-E5C8-4780-8A47-8717BADE700C.jpeg\" alt=\"\" class=\"wp-image-221\" srcset=\"https:\/\/kinderkrebshilfe-schlitz.de\/wp-content\/uploads\/2020\/02\/3AD4A614-E5C8-4780-8A47-8717BADE700C.jpeg 1024w, https:\/\/kinderkrebshilfe-schlitz.de\/wp-content\/uploads\/2020\/02\/3AD4A614-E5C8-4780-8A47-8717BADE700C-300x162.jpeg 300w, https:\/\/kinderkrebshilfe-schlitz.de\/wp-content\/uploads\/2020\/02\/3AD4A614-E5C8-4780-8A47-8717BADE700C-768x416.jpeg 768w, https:\/\/kinderkrebshilfe-schlitz.de\/wp-content\/uploads\/2020\/02\/3AD4A614-E5C8-4780-8A47-8717BADE700C-499x270.jpeg 499w\" sizes=\"auto, (max-width: 1024px) 100vw, 1024px\" \/><\/figure>\n\n\n\n<figure class=\"wp-block-image size-large\"><img loading=\"lazy\" decoding=\"async\" width=\"1024\" height=\"768\" data-id=\"217\" src=\"https:\/\/kinderkrebshilfe-schlitz.de\/wp-content\/uploads\/2020\/02\/FF8FC064-3DD5-4F77-9D0D-EDFCA55683DD-1024x768.jpeg\" alt=\"\" class=\"wp-image-217\" srcset=\"https:\/\/kinderkrebshilfe-schlitz.de\/wp-content\/uploads\/2020\/02\/FF8FC064-3DD5-4F77-9D0D-EDFCA55683DD-1024x768.jpeg 1024w, https:\/\/kinderkrebshilfe-schlitz.de\/wp-content\/uploads\/2020\/02\/FF8FC064-3DD5-4F77-9D0D-EDFCA55683DD-300x225.jpeg 300w, https:\/\/kinderkrebshilfe-schlitz.de\/wp-content\/uploads\/2020\/02\/FF8FC064-3DD5-4F77-9D0D-EDFCA55683DD-768x576.jpeg 768w, https:\/\/kinderkrebshilfe-schlitz.de\/wp-content\/uploads\/2020\/02\/FF8FC064-3DD5-4F77-9D0D-EDFCA55683DD-1536x1152.jpeg 1536w, https:\/\/kinderkrebshilfe-schlitz.de\/wp-content\/uploads\/2020\/02\/FF8FC064-3DD5-4F77-9D0D-EDFCA55683DD-360x270.jpeg 360w, https:\/\/kinderkrebshilfe-schlitz.de\/wp-content\/uploads\/2020\/02\/FF8FC064-3DD5-4F77-9D0D-EDFCA55683DD.jpeg 2048w\" sizes=\"auto, (max-width: 1024px) 100vw, 1024px\" \/><\/figure>\n\n\n\n<figure class=\"wp-block-image size-large\"><img loading=\"lazy\" decoding=\"async\" width=\"1024\" height=\"768\" data-id=\"220\" src=\"https:\/\/kinderkrebshilfe-schlitz.de\/wp-content\/uploads\/2020\/02\/2AA17349-D956-4F62-8B59-2C13AC9E1AAA-1024x768.jpeg\" alt=\"\" class=\"wp-image-220\" srcset=\"https:\/\/kinderkrebshilfe-schlitz.de\/wp-content\/uploads\/2020\/02\/2AA17349-D956-4F62-8B59-2C13AC9E1AAA-1024x768.jpeg 1024w, https:\/\/kinderkrebshilfe-schlitz.de\/wp-content\/uploads\/2020\/02\/2AA17349-D956-4F62-8B59-2C13AC9E1AAA-300x225.jpeg 300w, https:\/\/kinderkrebshilfe-schlitz.de\/wp-content\/uploads\/2020\/02\/2AA17349-D956-4F62-8B59-2C13AC9E1AAA-768x576.jpeg 768w, https:\/\/kinderkrebshilfe-schlitz.de\/wp-content\/uploads\/2020\/02\/2AA17349-D956-4F62-8B59-2C13AC9E1AAA-1536x1152.jpeg 1536w, https:\/\/kinderkrebshilfe-schlitz.de\/wp-content\/uploads\/2020\/02\/2AA17349-D956-4F62-8B59-2C13AC9E1AAA-360x270.jpeg 360w, https:\/\/kinderkrebshilfe-schlitz.de\/wp-content\/uploads\/2020\/02\/2AA17349-D956-4F62-8B59-2C13AC9E1AAA.jpeg 1600w\" sizes=\"auto, (max-width: 1024px) 100vw, 1024px\" \/><\/figure>\n\n\n\n<figure class=\"wp-block-image size-large\"><img loading=\"lazy\" decoding=\"async\" width=\"1024\" height=\"768\" data-id=\"219\" src=\"https:\/\/kinderkrebshilfe-schlitz.de\/wp-content\/uploads\/2020\/02\/C4EAA831-6703-408A-91B2-D4F12456841A.jpeg\" alt=\"\" class=\"wp-image-219\" srcset=\"https:\/\/kinderkrebshilfe-schlitz.de\/wp-content\/uploads\/2020\/02\/C4EAA831-6703-408A-91B2-D4F12456841A.jpeg 1024w, https:\/\/kinderkrebshilfe-schlitz.de\/wp-content\/uploads\/2020\/02\/C4EAA831-6703-408A-91B2-D4F12456841A-300x225.jpeg 300w, https:\/\/kinderkrebshilfe-schlitz.de\/wp-content\/uploads\/2020\/02\/C4EAA831-6703-408A-91B2-D4F12456841A-768x576.jpeg 768w, https:\/\/kinderkrebshilfe-schlitz.de\/wp-content\/uploads\/2020\/02\/C4EAA831-6703-408A-91B2-D4F12456841A-360x270.jpeg 360w\" sizes=\"auto, (max-width: 1024px) 100vw, 1024px\" \/><\/figure>\n\n\n\n<figure class=\"wp-block-image size-large\"><img loading=\"lazy\" decoding=\"async\" width=\"1024\" height=\"681\" data-id=\"222\" src=\"https:\/\/kinderkrebshilfe-schlitz.de\/wp-content\/uploads\/2020\/02\/62F65AC7-AF7D-426B-BA77-B70A2208369C-1024x681.jpeg\" alt=\"\" class=\"wp-image-222\" srcset=\"https:\/\/kinderkrebshilfe-schlitz.de\/wp-content\/uploads\/2020\/02\/62F65AC7-AF7D-426B-BA77-B70A2208369C-1024x681.jpeg 1024w, https:\/\/kinderkrebshilfe-schlitz.de\/wp-content\/uploads\/2020\/02\/62F65AC7-AF7D-426B-BA77-B70A2208369C-300x199.jpeg 300w, https:\/\/kinderkrebshilfe-schlitz.de\/wp-content\/uploads\/2020\/02\/62F65AC7-AF7D-426B-BA77-B70A2208369C-768x511.jpeg 768w, https:\/\/kinderkrebshilfe-schlitz.de\/wp-content\/uploads\/2020\/02\/62F65AC7-AF7D-426B-BA77-B70A2208369C-1536x1021.jpeg 1536w, https:\/\/kinderkrebshilfe-schlitz.de\/wp-content\/uploads\/2020\/02\/62F65AC7-AF7D-426B-BA77-B70A2208369C-2048x1362.jpeg 2048w, https:\/\/kinderkrebshilfe-schlitz.de\/wp-content\/uploads\/2020\/02\/62F65AC7-AF7D-426B-BA77-B70A2208369C-406x270.jpeg 406w\" sizes=\"auto, (max-width: 1024px) 100vw, 1024px\" \/><\/figure>\n\n\n\n<figure class=\"wp-block-image size-large\"><img loading=\"lazy\" decoding=\"async\" width=\"768\" height=\"1024\" data-id=\"215\" src=\"https:\/\/kinderkrebshilfe-schlitz.de\/wp-content\/uploads\/2020\/02\/9CDC8B3B-51C2-4DC4-A757-477A705C96F7-768x1024.jpeg\" alt=\"\" class=\"wp-image-215\" srcset=\"https:\/\/kinderkrebshilfe-schlitz.de\/wp-content\/uploads\/2020\/02\/9CDC8B3B-51C2-4DC4-A757-477A705C96F7-768x1024.jpeg 768w, https:\/\/kinderkrebshilfe-schlitz.de\/wp-content\/uploads\/2020\/02\/9CDC8B3B-51C2-4DC4-A757-477A705C96F7-225x300.jpeg 225w, https:\/\/kinderkrebshilfe-schlitz.de\/wp-content\/uploads\/2020\/02\/9CDC8B3B-51C2-4DC4-A757-477A705C96F7-1152x1536.jpeg 1152w, https:\/\/kinderkrebshilfe-schlitz.de\/wp-content\/uploads\/2020\/02\/9CDC8B3B-51C2-4DC4-A757-477A705C96F7-203x270.jpeg 203w, https:\/\/kinderkrebshilfe-schlitz.de\/wp-content\/uploads\/2020\/02\/9CDC8B3B-51C2-4DC4-A757-477A705C96F7.jpeg 1536w\" sizes=\"auto, (max-width: 768px) 100vw, 768px\" \/><\/figure>\n\n\n\n<figure class=\"wp-block-image size-large\"><img loading=\"lazy\" decoding=\"async\" width=\"576\" height=\"1024\" data-id=\"301\" src=\"https:\/\/kinderkrebshilfe-schlitz.de\/wp-content\/uploads\/2020\/02\/49E897E9-511C-44FB-8734-A29F051AB179-576x1024.jpeg\" alt=\"\" class=\"wp-image-301\" srcset=\"https:\/\/kinderkrebshilfe-schlitz.de\/wp-content\/uploads\/2020\/02\/49E897E9-511C-44FB-8734-A29F051AB179-576x1024.jpeg 576w, https:\/\/kinderkrebshilfe-schlitz.de\/wp-content\/uploads\/2020\/02\/49E897E9-511C-44FB-8734-A29F051AB179-169x300.jpeg 169w, https:\/\/kinderkrebshilfe-schlitz.de\/wp-content\/uploads\/2020\/02\/49E897E9-511C-44FB-8734-A29F051AB179-768x1365.jpeg 768w, https:\/\/kinderkrebshilfe-schlitz.de\/wp-content\/uploads\/2020\/02\/49E897E9-511C-44FB-8734-A29F051AB179-864x1536.jpeg 864w, https:\/\/kinderkrebshilfe-schlitz.de\/wp-content\/uploads\/2020\/02\/49E897E9-511C-44FB-8734-A29F051AB179-152x270.jpeg 152w, https:\/\/kinderkrebshilfe-schlitz.de\/wp-content\/uploads\/2020\/02\/49E897E9-511C-44FB-8734-A29F051AB179.jpeg 900w\" sizes=\"auto, (max-width: 576px) 100vw, 576px\" \/><\/figure>\n\n\n\n<figure class=\"wp-block-image size-large\"><img loading=\"lazy\" decoding=\"async\" width=\"768\" height=\"1024\" data-id=\"304\" src=\"https:\/\/kinderkrebshilfe-schlitz.de\/wp-content\/uploads\/2020\/02\/1A8D8A55-B768-4179-9687-3B4EF0992F81-768x1024.jpeg\" alt=\"\" class=\"wp-image-304\" srcset=\"https:\/\/kinderkrebshilfe-schlitz.de\/wp-content\/uploads\/2020\/02\/1A8D8A55-B768-4179-9687-3B4EF0992F81-768x1024.jpeg 768w, https:\/\/kinderkrebshilfe-schlitz.de\/wp-content\/uploads\/2020\/02\/1A8D8A55-B768-4179-9687-3B4EF0992F81-225x300.jpeg 225w, https:\/\/kinderkrebshilfe-schlitz.de\/wp-content\/uploads\/2020\/02\/1A8D8A55-B768-4179-9687-3B4EF0992F81-1152x1536.jpeg 1152w, https:\/\/kinderkrebshilfe-schlitz.de\/wp-content\/uploads\/2020\/02\/1A8D8A55-B768-4179-9687-3B4EF0992F81-203x270.jpeg 203w, https:\/\/kinderkrebshilfe-schlitz.de\/wp-content\/uploads\/2020\/02\/1A8D8A55-B768-4179-9687-3B4EF0992F81.jpeg 1536w\" sizes=\"auto, (max-width: 768px) 100vw, 768px\" \/><\/figure>\n\n\n\n<figure class=\"wp-block-image size-large\"><img loading=\"lazy\" decoding=\"async\" width=\"768\" height=\"1024\" data-id=\"300\" src=\"https:\/\/kinderkrebshilfe-schlitz.de\/wp-content\/uploads\/2020\/02\/C55459DB-AFCA-4FF6-91F9-6F224FA4174B-768x1024.jpeg\" alt=\"\" class=\"wp-image-300\" srcset=\"https:\/\/kinderkrebshilfe-schlitz.de\/wp-content\/uploads\/2020\/02\/C55459DB-AFCA-4FF6-91F9-6F224FA4174B-768x1024.jpeg 768w, https:\/\/kinderkrebshilfe-schlitz.de\/wp-content\/uploads\/2020\/02\/C55459DB-AFCA-4FF6-91F9-6F224FA4174B-225x300.jpeg 225w, https:\/\/kinderkrebshilfe-schlitz.de\/wp-content\/uploads\/2020\/02\/C55459DB-AFCA-4FF6-91F9-6F224FA4174B-1152x1536.jpeg 1152w, https:\/\/kinderkrebshilfe-schlitz.de\/wp-content\/uploads\/2020\/02\/C55459DB-AFCA-4FF6-91F9-6F224FA4174B-203x270.jpeg 203w, https:\/\/kinderkrebshilfe-schlitz.de\/wp-content\/uploads\/2020\/02\/C55459DB-AFCA-4FF6-91F9-6F224FA4174B.jpeg 1536w\" sizes=\"auto, (max-width: 768px) 100vw, 768px\" \/><\/figure>\n\n\n\n<figure class=\"wp-block-image size-large\"><img loading=\"lazy\" decoding=\"async\" width=\"1024\" height=\"681\" data-id=\"213\" src=\"https:\/\/kinderkrebshilfe-schlitz.de\/wp-content\/uploads\/2020\/02\/C7F8951F-1CEB-411F-A3F3-562ED65A1E3C-1024x681.jpeg\" alt=\"\" class=\"wp-image-213\" srcset=\"https:\/\/kinderkrebshilfe-schlitz.de\/wp-content\/uploads\/2020\/02\/C7F8951F-1CEB-411F-A3F3-562ED65A1E3C-1024x681.jpeg 1024w, https:\/\/kinderkrebshilfe-schlitz.de\/wp-content\/uploads\/2020\/02\/C7F8951F-1CEB-411F-A3F3-562ED65A1E3C-300x199.jpeg 300w, https:\/\/kinderkrebshilfe-schlitz.de\/wp-content\/uploads\/2020\/02\/C7F8951F-1CEB-411F-A3F3-562ED65A1E3C-768x511.jpeg 768w, https:\/\/kinderkrebshilfe-schlitz.de\/wp-content\/uploads\/2020\/02\/C7F8951F-1CEB-411F-A3F3-562ED65A1E3C-1536x1021.jpeg 1536w, https:\/\/kinderkrebshilfe-schlitz.de\/wp-content\/uploads\/2020\/02\/C7F8951F-1CEB-411F-A3F3-562ED65A1E3C-2048x1362.jpeg 2048w, https:\/\/kinderkrebshilfe-schlitz.de\/wp-content\/uploads\/2020\/02\/C7F8951F-1CEB-411F-A3F3-562ED65A1E3C-406x270.jpeg 406w\" sizes=\"auto, (max-width: 1024px) 100vw, 1024px\" \/><\/figure>\n<figcaption class=\"blocks-gallery-caption wp-element-caption\">Einblicke in unser Vereinsleben. Weitere Aktivit\u00e4ten und Presseberichte finden Sie hier auf unserer Homepage.<\/figcaption><\/figure>\n","protected":false},"excerpt":{"rendered":"<p>Der Kampf gegen den Krebs braucht auch nach vielen Jahren der Spendenbereitschaft weiterhin gro\u00dfes Engagement, denn die staatliche Finanzierung allein reicht hier immer noch nicht aus. Seit nun mehr als 35 Jahren sammelt die Kinderkrebshilfe Schlitz e.V. besonders f\u00fcr Kinder, die an dieser furchtbaren Krankheit leiden. Wir sind ein lokaler Verein, der \u00fcber diesen langen Zeitraum die Arbeit von Kinderkrebshilfekliniken im regionalen Raum, sowie Initiativen und Projekte der Kinderkrebshilfe unterst\u00fctzt. So gehen die vor Ort gesammelten Spendenbeitr\u00e4ge z.B. an Forschungsprojekte,&#8230;<\/p>\n<p class=\"read-more\"><a class=\"btn btn-default\" href=\"https:\/\/kinderkrebshilfe-schlitz.de\/index.php\/ueber-uns\/\">Weiterlesen<span class=\"screen-reader-text\"> Weiterlesen<\/span><\/a><\/p>\n","protected":false},"author":1,"featured_media":0,"parent":0,"menu_order":0,"comment_status":"closed","ping_status":"closed","template":"","meta":{"footnotes":""},"class_list":["post-67","page","type-page","status-publish","hentry"],"_links":{"self":[{"href":"https:\/\/kinderkrebshilfe-schlitz.de\/index.php\/wp-json\/wp\/v2\/pages\/67","targetHints":{"allow":["GET"]}}],"collection":[{"href":"https:\/\/kinderkrebshilfe-schlitz.de\/index.php\/wp-json\/wp\/v2\/pages"}],"about":[{"href":"https:\/\/kinderkrebshilfe-schlitz.de\/index.php\/wp-json\/wp\/v2\/types\/page"}],"author":[{"embeddable":true,"href":"https:\/\/kinderkrebshilfe-schlitz.de\/index.php\/wp-json\/wp\/v2\/users\/1"}],"replies":[{"embeddable":true,"href":"https:\/\/kinderkrebshilfe-schlitz.de\/index.php\/wp-json\/wp\/v2\/comments?post=67"}],"version-history":[{"count":30,"href":"https:\/\/kinderkrebshilfe-schlitz.de\/index.php\/wp-json\/wp\/v2\/pages\/67\/revisions"}],"predecessor-version":[{"id":1117,"href":"https:\/\/kinderkrebshilfe-schlitz.de\/index.php\/wp-json\/wp\/v2\/pages\/67\/revisions\/1117"}],"wp:attachment":[{"href":"https:\/\/kinderkrebshilfe-schlitz.de\/index.php\/wp-json\/wp\/v2\/media?parent=67"}],"curies":[{"name":"wp","href":"https:\/\/api.w.org\/{rel}","templated":true}]}}